{"id":767,"date":"2016-03-09T21:00:00","date_gmt":"2016-03-09T20:00:00","guid":{"rendered":"http:\/\/esperanto-pfaffenhofen.de\/?page_id=767"},"modified":"2016-04-02T09:35:52","modified_gmt":"2016-04-02T07:35:52","slug":"franz","status":"publish","type":"page","link":"https:\/\/espera01.bn-paf.de\/?page_id=767","title":{"rendered":"Franz"},"content":{"rendered":"<p>Warum bin ich f\u00fcr Esperanto ?<\/p>\n<p>Als ich 1976 anfing Esperanto zu lernen, wollte ich einfach nur wissen, ob eine konstruierte Sprache funktionieren kann. Nach rund 3 Monaten (t\u00e4glich 1\/2 Stunde) Lernen verstand ich, wie die Sprache funktioniert und kannte etwa 1000 W\u00f6rter. Im Esperanto sind die rationalsten Elemente gro\u00dfer europ\u00e4ischer Sprachen vereint, darum war Esperanto f\u00fcr mich leichter erlernbar als z.B. Englisch.<\/p>\n<p>In meinem Weltbild spielen Gerechtigkeit, Gleichberechtigung, Demokratie und Vernunft wichtige Rollen. Da Esperanto keine Volks- oder Staatssprache ist, muss sie jede\/r zus\u00e4tzlich lernen, niemand hat also einen Heimvorteil. Man geht quasi aufeinander zu und das verstehe ich unter sprachlicher Gleichberechtigung.<\/p>\n<p>Am meisten fasziniert mich aber die ausgezeichnete internationale Vernetzung, die auch schon vor dem Internet dank gut aufgebauter Adressenverzeichnisse schnell und leicht Kontakt zu Menschen in \u00fcber 100 L\u00e4ndern erm\u00f6glichte. Heute ist Esperanto f\u00fcr mich ideal zur internationalen Verwendung in mehreren sozialen Netzwerken. Sehr gerne mag ich kleinere Esperanto-Treffen. Mir gef\u00e4llt dabei, an einem Tisch zu sitzen und mit Menschen aus verschiedensten Teilen der Welt zu plaudern, als w\u00e4re ich daheim am Stammtisch.<\/p>\n<div id=\"attachment_776\" style=\"width: 310px\" class=\"wp-caption aligncenter\"><a href=\"https:\/\/espera01.bn-paf.de\/wp-content\/uploads\/2015\/05\/PK20151215-3.png\" rel=\"attachment wp-att-776\"><img aria-describedby=\"caption-attachment-776\" loading=\"lazy\" class=\"wp-image-776 size-medium\" src=\"https:\/\/espera01.bn-paf.de\/wp-content\/uploads\/2015\/05\/PK20151215-3-300x167.png\" alt=\"PK20151215-3\" width=\"300\" height=\"167\" srcset=\"https:\/\/www.esperantopfaffenhofen.de\/wp-content\/uploads\/2015\/05\/PK20151215-3-300x167.png 300w, https:\/\/www.esperantopfaffenhofen.de\/wp-content\/uploads\/2015\/05\/PK20151215-3-768x427.png 768w, https:\/\/www.esperantopfaffenhofen.de\/wp-content\/uploads\/2015\/05\/PK20151215-3-1024x570.png 1024w, https:\/\/www.esperantopfaffenhofen.de\/wp-content\/uploads\/2015\/05\/PK20151215-3-800x445.png 800w, https:\/\/www.esperantopfaffenhofen.de\/wp-content\/uploads\/2015\/05\/PK20151215-3.png 1627w\" sizes=\"(max-width: 300px) 100vw, 300px\" \/><\/a><p id=\"caption-attachment-776\" class=\"wp-caption-text\">Interview mit Franz Kn\u00f6ferl \u00fcber Esperanto zum Welttag der Sprachen am 15.12.2015 www.donaukurier.de<\/p><\/div>\n<p><a href=\"https:\/\/espera01.bn-paf.de\/wp-content\/uploads\/2016\/03\/PAF-Journal-KW-10-1.pdf\" rel=\"\">Interview mit Franz Kn\u00f6ferl im PAF-Journal M\u00e4rz 2016<\/a><\/p>\n<p>&nbsp;<\/p>\n","protected":false},"excerpt":{"rendered":"<p>Warum bin ich f\u00fcr Esperanto ? Als ich 1976 anfing Esperanto zu lernen, wollte ich einfach nur wissen, ob eine konstruierte Sprache funktionieren kann. Nach rund 3 Monaten (t\u00e4glich 1\/2 Stunde) Lernen verstand ich, wie die Sprache funktioniert und kannte &hellip; <a href=\"https:\/\/espera01.bn-paf.de\/?page_id=767\">Weiterlesen <span class=\"meta-nav\">&rarr;<\/span><\/a><\/p>\n","protected":false},"author":1,"featured_media":0,"parent":0,"menu_order":0,"comment_status":"closed","ping_status":"closed","template":"","meta":[],"_links":{"self":[{"href":"https:\/\/espera01.bn-paf.de\/index.php?rest_route=\/wp\/v2\/pages\/767"}],"collection":[{"href":"https:\/\/espera01.bn-paf.de\/index.php?rest_route=\/wp\/v2\/pages"}],"about":[{"href":"https:\/\/espera01.bn-paf.de\/index.php?rest_route=\/wp\/v2\/types\/page"}],"author":[{"embeddable":true,"href":"https:\/\/espera01.bn-paf.de\/index.php?rest_route=\/wp\/v2\/users\/1"}],"replies":[{"embeddable":true,"href":"https:\/\/espera01.bn-paf.de\/index.php?rest_route=%2Fwp%2Fv2%2Fcomments&post=767"}],"version-history":[{"count":6,"href":"https:\/\/espera01.bn-paf.de\/index.php?rest_route=\/wp\/v2\/pages\/767\/revisions"}],"predecessor-version":[{"id":779,"href":"https:\/\/espera01.bn-paf.de\/index.php?rest_route=\/wp\/v2\/pages\/767\/revisions\/779"}],"wp:attachment":[{"href":"https:\/\/espera01.bn-paf.de\/index.php?rest_route=%2Fwp%2Fv2%2Fmedia&parent=767"}],"curies":[{"name":"wp","href":"https:\/\/api.w.org\/{rel}","templated":true}]}}