{"id":7,"date":"2015-05-25T18:45:30","date_gmt":"2015-05-25T18:45:30","guid":{"rendered":"http:\/\/neumai02.bn-paf.de\/esperanto\/?page_id=7"},"modified":"2022-11-16T21:33:14","modified_gmt":"2022-11-16T20:33:14","slug":"test","status":"publish","type":"page","link":"https:\/\/espera01.bn-paf.de\/?page_id=7","title":{"rendered":"Unser Klub \/ nia klubo"},"content":{"rendered":"<p>Wir sind nur ein kleiner Haufen, aber unsere Treffen sind oft recht lustig und wir sind von den Vorteilen des Esperanto \u00fcberzeugt. Einige von uns sind mit Esperanto schon ganz sch\u00f6n weit in der Welt herumgekommen und wir haben auch schon etliche Esperanto-Besucher bei uns willkommen gehei\u00dfen. Manchmal machen wir Ausfl\u00fcge oder Spiele-Nachmittage und die meiste Zeit reden wir dabei Deutsch. Aber wenn Besuch da ist und bei den internationalen Treffen reden wir nat\u00fcrlich Esperanto. Manchmal bieten wir auch einen Esperanto-Kurs \u00fcber die VHS an. Wenn du Lust hast uns kennen zu lernen oder mal in die Sprache reinschnuppern willst, bist du bei uns herzlich willkommen!<\/p>\n<p>Maile an<a href=\"mailto:esperanto@pfaffenhofen.de\"><b> esperanto@pfaffenhofen.de<\/b><\/a><small><b><big><span style=\"color: #006600; font-size: small;\"><br \/><\/span><\/big><\/b><\/small><\/p>\n\n\n<p><\/p>\n","protected":false},"excerpt":{"rendered":"<p>Wir sind nur ein kleiner Haufen, aber unsere Treffen sind oft recht lustig und wir sind von den Vorteilen des Esperanto \u00fcberzeugt. Einige von uns sind mit Esperanto schon ganz sch\u00f6n weit in der Welt herumgekommen und wir haben auch &hellip; <a href=\"https:\/\/espera01.bn-paf.de\/?page_id=7\">Weiterlesen <span class=\"meta-nav\">&rarr;<\/span><\/a><\/p>\n","protected":false},"author":1,"featured_media":0,"parent":0,"menu_order":0,"comment_status":"closed","ping_status":"open","template":"","meta":[],"_links":{"self":[{"href":"https:\/\/espera01.bn-paf.de\/index.php?rest_route=\/wp\/v2\/pages\/7"}],"collection":[{"href":"https:\/\/espera01.bn-paf.de\/index.php?rest_route=\/wp\/v2\/pages"}],"about":[{"href":"https:\/\/espera01.bn-paf.de\/index.php?rest_route=\/wp\/v2\/types\/page"}],"author":[{"embeddable":true,"href":"https:\/\/espera01.bn-paf.de\/index.php?rest_route=\/wp\/v2\/users\/1"}],"replies":[{"embeddable":true,"href":"https:\/\/espera01.bn-paf.de\/index.php?rest_route=%2Fwp%2Fv2%2Fcomments&post=7"}],"version-history":[{"count":11,"href":"https:\/\/espera01.bn-paf.de\/index.php?rest_route=\/wp\/v2\/pages\/7\/revisions"}],"predecessor-version":[{"id":1031,"href":"https:\/\/espera01.bn-paf.de\/index.php?rest_route=\/wp\/v2\/pages\/7\/revisions\/1031"}],"wp:attachment":[{"href":"https:\/\/espera01.bn-paf.de\/index.php?rest_route=%2Fwp%2Fv2%2Fmedia&parent=7"}],"curies":[{"name":"wp","href":"https:\/\/api.w.org\/{rel}","templated":true}]}}