{"id":48,"date":"2015-05-28T22:08:58","date_gmt":"2015-05-28T20:08:58","guid":{"rendered":"http:\/\/neumai02.bn-paf.de\/esperanto\/?page_id=48"},"modified":"2015-07-27T22:34:31","modified_gmt":"2015-07-27T20:34:31","slug":"hoehepunkte-unseres-klublebens-2","status":"publish","type":"page","link":"https:\/\/espera01.bn-paf.de\/?page_id=48","title":{"rendered":"H\u00f6hepunkte unseres Klublebens"},"content":{"rendered":"<p>Unter den zahlreichen gro\u00dfen und kleinen Veranstaltungen w\u00e4hrend der Geschichte unseres Klubs fanden vor allem die Einweihung der<b> Dr.-Ludwig-Zamenhof-Stra\u00dfe<\/b> im <b>Juni 1980<\/b> und unsere <b>Fahnenweihe<\/b> im <b>April 1983<\/b> weit \u00fcber Pfaffenhofen hinaus Beachtung.<\/p>\n<p><a href=\"https:\/\/espera01.bn-paf.de\/wp-content\/uploads\/2015\/05\/klubflagopaf0011.gif\"><img loading=\"lazy\" class=\"alignnone size-medium wp-image-50\" src=\"https:\/\/espera01.bn-paf.de\/wp-content\/uploads\/2015\/05\/klubflagopaf0011.gif\" alt=\"klubflagopaf001\" width=\"208\" height=\"224\" \/><\/a> <a href=\"https:\/\/espera01.bn-paf.de\/wp-content\/uploads\/2015\/05\/klubflagopaf002.gif\"><img loading=\"lazy\" class=\"alignnone size-full wp-image-51\" src=\"https:\/\/espera01.bn-paf.de\/wp-content\/uploads\/2015\/05\/klubflagopaf002.gif\" alt=\"klubflagopaf002\" width=\"229\" height=\"203\" \/><\/a><\/p>\n<p style=\"text-align: left;\"><em><span style=\"color: #008000;\">Vorderseite: &#8222;Per Esperanto al interkompreni\u011do&#8220;: Durch Esperanto zu gegenseitigem Verst\u00e4ndnis<\/span><\/em><\/p>\n<p style=\"text-align: left;\"><em><span style=\"color: #008000;\">R\u00fcckseite: &#8222;Amikeco trans limoj&#8220;: Freundschaft \u00fcber Grenzen hinweg<\/span><\/em><\/p>\n<p>Im <b>August 1985 besuchten ca. 100 Teilnehmer<\/b> des in Augsburg stattfindenden Universala kongreso de Esperanto verschiedene <b>Brauereien und einen Hopfenanbaubetrieb im Landkreis Pfaffenhofen<\/b>. Mitglieder des Sprachklubs fungierten als \u00dcbersetzer.<\/p>\n<p><b>1986<\/b> stellte unser Mitglied <b>Rudolf Kratzmann<\/b> das von ihm geschriebene und komponierte Lied <b>\u201eLernu Esperanton\u201c beim B\u00fcrgerfest<\/b> vor. <b>1987<\/b> wurde <b>zur Er\u00f6ffnung<\/b> des Internationalen B\u00fcrgerfestes die <b>Esperanto-Hymne &#8222;La Espero&#8220;<\/b> gespielt.<\/p>\n<p><b>April 1994<\/b>: Frau Diana Stanescu von <b>Radio IN erstellt ein Portr\u00e4t unseres Klubs<\/b>, das <b>als Beitrag f\u00fcr<\/b> <b>Radio Europa<\/b> ausgestrahlt wurde. <b>November 1994<\/b>: <b>Roland<\/b> Hemmauer und <b>Franz <\/b>Kn\u00f6ferl sind zu einer <b>Talkshow<\/b> mit dem <b>Thema Esperanto<\/b> beim Regionalsender <b>INTV <\/b>eingeladen. Dezember 1994: Der <b>Bayerische Rundfunk interviewt Mitglieder<\/b> und <b>G\u00e4ste<\/b> unserer Jahresfeier. Der Beitrag ist dann im Januar und Februar 1995 in verschiedenen BR Sendern zu h\u00f6ren.<\/p>\n<p>Im August <b>1997<\/b> organisierte der Klub f\u00fcr die SAT-Esperanto-Kongress-Teilnehmer in Augsburg einen Ausflug nach Wolnzach. Dabei lernten die Teilnehmer das <b>Museum \u201eKulturgeschichte der Hand<\/b>\u201c und das <b> Hopfenmuseum<\/b> kennen. Mitglieder des Sprachklubs dienten als \u00dcbersetzer.<\/p>\n<p>Am <strong>25. November 2000<\/strong> konnte Esperanto-SprachklubvorsitzenderFranz Kn\u00f6ferl im Hotel Bortenschlager rund 40 G\u00e4ste und Mitglieder zur Feier des <strong>30-j\u00e4hrigen Klubjubil\u00e4ums <\/strong>begr\u00fc\u00dfen, darunter den Landesvorsitzenden Gosbert Gehlert, den Referenten zum Thema \u201eEsperanto und Kirche\u201c Dr. Ulrich Matthias sowie 3 G\u00e4ste aus Tirol. F\u00fcr langj\u00e4hrige Treue zum Sprachklub erhielten die Mitglieder Anneliese Altmann, Christa Petersik, Gustav Neumair und Franz Kn\u00f6ferl Urkunden \u00fcberreicht. Gustav Neumair wurde zus\u00e4tzlich mit einer Urkunde f\u00fcr 25 j\u00e4hrige Mitgliedschaft im Deutschen Esperanto-Bund geehrt. Anschlie\u00dfend zelebrierte Pfarrer Josef Grabmaier aus M\u00fcnschen einen zweisprachigen Gottesdienst in Deutsch und Esperanto, der vom Kirchenchor Maria Thalkirchen mit Bl\u00e4serquartett, Orgel und Esperanto-sprachigem Gesang begleitet wurde.<\/p>\n<p>&nbsp;<\/p>\n<p><strong>Am 21. April 2012<\/strong> feierte der Sprachklub Pfaffenhofen im &#8222;Hotel M\u00fcllerbr\u00e4u&#8220; in Pfaffenhofen\u00a0Im Rahmen der <strong><strong> BELO-Fr\u00fchjahrstagung<\/strong><\/strong> sein <strong> 40-j\u00e4hriges Bestehen<\/strong> nach. Rund\u00a0 30 Personen, darunter B\u00fcrgermeister Thomas Herker, Stadtrat Helmut Stadler, Landesvorsitzenden Bernd Krause, sowie mehrere Vertreter anderer bayerischer Esperanto-Klubs\u00a0 konnte Klubvorsitzender Franz Kn\u00f6ferl neben den eigenen Mitgliedern in der Jubil\u00e4umsfeier begr\u00fc\u00dfen.<\/p>\n<p><a href=\"https:\/\/espera01.bn-paf.de\/wp-content\/uploads\/2015\/05\/jub201201.jpg\"><img loading=\"lazy\" class=\"alignnone size-medium wp-image-52\" src=\"https:\/\/espera01.bn-paf.de\/wp-content\/uploads\/2015\/05\/jub201201-300x200.jpg\" alt=\"jub201201\" width=\"300\" height=\"200\" srcset=\"https:\/\/www.esperantopfaffenhofen.de\/wp-content\/uploads\/2015\/05\/jub201201-300x200.jpg 300w, https:\/\/www.esperantopfaffenhofen.de\/wp-content\/uploads\/2015\/05\/jub201201.jpg 531w\" sizes=\"(max-width: 300px) 100vw, 300px\" \/><\/a><\/p>\n<p>B\u00fcrgermeister Thomas Herker stellte sich den Teilnehmern\u00a0vor\u00a0seinem Gru\u00dfwort in\u00a0korrektem Esperanto vor. Stadtrat Helmut Stadler verwies auf einige ausl\u00e4ndische\u00a0 Esperanto-G\u00e4ste des Sprachklubs, die er in den vergangenen 40 Jahren selbst kennen gelernt und betreut hat und zu denen er auch weiter Kontakt hat.<\/p>\n<p>&nbsp;<\/p>\n","protected":false},"excerpt":{"rendered":"<p>Unter den zahlreichen gro\u00dfen und kleinen Veranstaltungen w\u00e4hrend der Geschichte unseres Klubs fanden vor allem die Einweihung der Dr.-Ludwig-Zamenhof-Stra\u00dfe im Juni 1980 und unsere Fahnenweihe im April 1983 weit \u00fcber Pfaffenhofen hinaus Beachtung. Vorderseite: &#8222;Per Esperanto al interkompreni\u011do&#8220;: Durch Esperanto &hellip; <a href=\"https:\/\/espera01.bn-paf.de\/?page_id=48\">Weiterlesen <span class=\"meta-nav\">&rarr;<\/span><\/a><\/p>\n","protected":false},"author":1,"featured_media":0,"parent":7,"menu_order":0,"comment_status":"closed","ping_status":"open","template":"","meta":[],"_links":{"self":[{"href":"https:\/\/espera01.bn-paf.de\/index.php?rest_route=\/wp\/v2\/pages\/48"}],"collection":[{"href":"https:\/\/espera01.bn-paf.de\/index.php?rest_route=\/wp\/v2\/pages"}],"about":[{"href":"https:\/\/espera01.bn-paf.de\/index.php?rest_route=\/wp\/v2\/types\/page"}],"author":[{"embeddable":true,"href":"https:\/\/espera01.bn-paf.de\/index.php?rest_route=\/wp\/v2\/users\/1"}],"replies":[{"embeddable":true,"href":"https:\/\/espera01.bn-paf.de\/index.php?rest_route=%2Fwp%2Fv2%2Fcomments&post=48"}],"version-history":[{"count":8,"href":"https:\/\/espera01.bn-paf.de\/index.php?rest_route=\/wp\/v2\/pages\/48\/revisions"}],"predecessor-version":[{"id":116,"href":"https:\/\/espera01.bn-paf.de\/index.php?rest_route=\/wp\/v2\/pages\/48\/revisions\/116"}],"up":[{"embeddable":true,"href":"https:\/\/espera01.bn-paf.de\/index.php?rest_route=\/wp\/v2\/pages\/7"}],"wp:attachment":[{"href":"https:\/\/espera01.bn-paf.de\/index.php?rest_route=%2Fwp%2Fv2%2Fmedia&parent=48"}],"curies":[{"name":"wp","href":"https:\/\/api.w.org\/{rel}","templated":true}]}}