{"id":206,"date":"2015-08-12T22:50:51","date_gmt":"2015-08-12T20:50:51","guid":{"rendered":"http:\/\/neumai02.bn-paf.de\/esperanto\/?page_id=206"},"modified":"2015-08-13T17:34:34","modified_gmt":"2015-08-13T15:34:34","slug":"hausgemacht-von-uns-uebersetzt","status":"publish","type":"page","link":"https:\/\/espera01.bn-paf.de\/?page_id=206","title":{"rendered":"Hausgemacht: Von uns verfasst oder \u00fcbersetzt"},"content":{"rendered":"<p>meist anl\u00e4sslich diverser Jubil\u00e4en. Um diese Texte zu verstehen, sollte man schon einige Erfahrung mit der Sprache haben. Viel Spa\u00df!<\/p>\n<p>&nbsp;<\/p>\n","protected":false},"excerpt":{"rendered":"<p>meist anl\u00e4sslich diverser Jubil\u00e4en. Um diese Texte zu verstehen, sollte man schon einige Erfahrung mit der Sprache haben. Viel Spa\u00df! &nbsp;<\/p>\n","protected":false},"author":1,"featured_media":0,"parent":0,"menu_order":0,"comment_status":"closed","ping_status":"open","template":"","meta":[],"_links":{"self":[{"href":"https:\/\/espera01.bn-paf.de\/index.php?rest_route=\/wp\/v2\/pages\/206"}],"collection":[{"href":"https:\/\/espera01.bn-paf.de\/index.php?rest_route=\/wp\/v2\/pages"}],"about":[{"href":"https:\/\/espera01.bn-paf.de\/index.php?rest_route=\/wp\/v2\/types\/page"}],"author":[{"embeddable":true,"href":"https:\/\/espera01.bn-paf.de\/index.php?rest_route=\/wp\/v2\/users\/1"}],"replies":[{"embeddable":true,"href":"https:\/\/espera01.bn-paf.de\/index.php?rest_route=%2Fwp%2Fv2%2Fcomments&post=206"}],"version-history":[{"count":3,"href":"https:\/\/espera01.bn-paf.de\/index.php?rest_route=\/wp\/v2\/pages\/206\/revisions"}],"predecessor-version":[{"id":249,"href":"https:\/\/espera01.bn-paf.de\/index.php?rest_route=\/wp\/v2\/pages\/206\/revisions\/249"}],"wp:attachment":[{"href":"https:\/\/espera01.bn-paf.de\/index.php?rest_route=%2Fwp%2Fv2%2Fmedia&parent=206"}],"curies":[{"name":"wp","href":"https:\/\/api.w.org\/{rel}","templated":true}]}}